{"id":3376,"date":"2025-01-11T00:11:03","date_gmt":"2025-01-11T00:11:03","guid":{"rendered":"https:\/\/dkjventures.com\/?page_id=3376"},"modified":"2025-03-19T01:53:26","modified_gmt":"2025-03-19T01:53:26","slug":"politique-de-confidentialite","status":"publish","type":"page","link":"https:\/\/dkjventures.com\/fr\/politique-de-confidentialite\/","title":{"rendered":"Politique de confidentialit\u00e9"},"content":{"rendered":"\t\t<div data-elementor-type=\"wp-page\" data-elementor-id=\"3376\" class=\"elementor elementor-3376 elementor-3\" data-elementor-post-type=\"page\">\n\t\t\t\t<div class=\"elementor-element elementor-element-5e6d5579 e-flex e-con-boxed e-con e-parent\" data-id=\"5e6d5579\" data-element_type=\"container\" data-e-type=\"container\">\n\t\t\t\t\t<div class=\"e-con-inner\">\n\t\t\t\t<div class=\"elementor-element elementor-element-2f77885 elementor-widget elementor-widget-heading\" data-id=\"2f77885\" data-element_type=\"widget\" data-e-type=\"widget\" data-widget_type=\"heading.default\">\n\t\t\t\t<div class=\"elementor-widget-container\">\n\t\t\t\t\t<h4 class=\"elementor-heading-title elementor-size-default\">Politique de confidentialit\u00e9<\/h4>\t\t\t\t<\/div>\n\t\t\t\t<\/div>\n\t\t\t\t\t<\/div>\n\t\t\t\t<\/div>\n\t\t<div class=\"elementor-element elementor-element-fc71afc e-flex e-con-boxed e-con e-parent\" data-id=\"fc71afc\" data-element_type=\"container\" data-e-type=\"container\">\n\t\t\t\t\t<div class=\"e-con-inner\">\n\t\t\t\t<div class=\"elementor-element elementor-element-3627be5e elementor-widget elementor-widget-text-editor\" data-id=\"3627be5e\" data-element_type=\"widget\" data-e-type=\"widget\" data-widget_type=\"text-editor.default\">\n\t\t\t\t<div class=\"elementor-widget-container\">\n\t\t\t\t\t\t\t\t\t<div dir=\"ltr\">\n<p data-sourcepos=\"5:1-5:265\">DKJ Ventures (\u00a0\u00bb nous \u00ab\u00a0, \u00a0\u00bb notre \u00a0\u00bb ou \u00a0\u00bb nos \u00ab\u00a0) s&rsquo;engage \u00e0 prot\u00e9ger la vie priv\u00e9e des visiteurs de son site Web (le \u00a0\u00bb site Web \u00ab\u00a0). La pr\u00e9sente politique de confidentialit\u00e9 explique comment nous recueillons, utilisons et prot\u00e9geons les renseignements personnels que vous nous fournissez par l&rsquo;entremise de nos formulaires de contact.   <\/p>\n<p data-sourcepos=\"5:1-5:265\"> <\/p>\n<p data-sourcepos=\"7:1-7:26\"><strong>Informations que nous recueillons<\/strong><\/p>\n<p data-sourcepos=\"9:1-9:159\">Notre site web contient des formulaires de contact qui permettent aux visiteurs de se renseigner sur les biens dans lesquels nous investissons. Par le biais de ces formulaires, nous pouvons recueillir les informations suivantes : <\/p>\n<ul data-sourcepos=\"11:1-13:0\">\n<li data-sourcepos=\"11:1-11:153\"><strong>Informations de contact :<\/strong> Il peut s&rsquo;agir de votre nom, de votre adresse \u00e9lectronique, de votre num\u00e9ro de t\u00e9l\u00e9phone et de toute autre information que vous choisissez de fournir dans le champ du message.<\/li>\n<li data-sourcepos=\"12:1-13:0\"><strong>Informations sur les int\u00e9r\u00eats immobiliers :<\/strong> Informations que vous fournissez concernant les types de biens immobiliers qui vous int\u00e9ressent.<\/li>\n<\/ul>\n<p data-sourcepos=\"14:1-14:31\"><strong>Comment nous utilisons vos informations<\/strong><\/p>\n<p data-sourcepos=\"16:1-16:94\">Nous utilisons les informations collect\u00e9es par le biais de nos formulaires de contact aux fins limit\u00e9es suivantes :<\/p>\n<ul data-sourcepos=\"18:1-20:0\">\n<li data-sourcepos=\"18:1-18:154\"><strong>R\u00e9pondre \u00e0 vos demandes :<\/strong> Comprendre vos int\u00e9r\u00eats et r\u00e9pondre \u00e0 vos questions ou demandes sp\u00e9cifiques concernant nos investissements immobiliers.<\/li>\n<li data-sourcepos=\"19:1-20:0\"><strong>Communication interne :<\/strong> Pour communiquer directement avec vous au sujet de vos demandes.<\/li>\n<\/ul>\n<p data-sourcepos=\"21:1-21:23\"><strong>Partage d&rsquo;informations<\/strong><\/p>\n<p data-sourcepos=\"23:1-23:197\"><strong>Nous ne vendons pas, ne louons pas et ne partageons pas vos informations personnelles avec des tiers externes.<\/strong>  Vos renseignements sont utilis\u00e9s uniquement par DKJ Ventures aux fins d\u00e9crites dans la pr\u00e9sente politique de confidentialit\u00e9.<\/p>\n<p data-sourcepos=\"25:1-25:24\"><strong>Conservation des donn\u00e9es<\/strong><\/p>\n<p data-sourcepos=\"27:1-27:207\">Nous conserverons vos informations personnelles aussi longtemps que n\u00e9cessaire pour atteindre les objectifs pour lesquels elles ont \u00e9t\u00e9 collect\u00e9es, y compris pour r\u00e9pondre \u00e0 vos demandes et pour nos archives internes.  <\/p>\n<div>\n<div>\n<div>\n<div data-test-id=\"sources-carousel-source\"> <\/div>\n<div data-test-id=\"sources-carousel-source\"> <\/div>\n<\/div>\n<\/div>\n<\/div>\n<p data-sourcepos=\"29:1-29:12\"><strong>S\u00e9curit\u00e9<\/strong><\/p>\n<p data-sourcepos=\"31:1-31:286\">Nous prenons des mesures raisonnables pour prot\u00e9ger les informations personnelles qui nous sont soumises par l&rsquo;interm\u00e9diaire de notre site web contre tout acc\u00e8s, utilisation ou divulgation non autoris\u00e9s. Toutefois, sachez qu&rsquo;aucune m\u00e9thode de transmission sur l&rsquo;internet ou de stockage \u00e9lectronique n&rsquo;est totalement s\u00fbre.   <\/p>\n<div>\n<div>\n<div>\n<div data-test-id=\"sources-carousel-source\"> <\/div>\n<\/div>\n<\/div>\n<\/div>\n<p data-sourcepos=\"33:1-33:21\"><strong>Vos droits<\/strong><\/p>\n<p data-sourcepos=\"35:1-35:22\">Vous avez le droit de :<\/p>\n<ul data-sourcepos=\"37:1-40:0\">\n<li data-sourcepos=\"37:1-37:75\"><strong>Acc\u00e8s :<\/strong> Demander l&rsquo;acc\u00e8s aux informations personnelles que nous d\u00e9tenons \u00e0 votre sujet.<\/li>\n<li data-sourcepos=\"38:1-38:117\"><strong>Correction :<\/strong> Demandez-nous de corriger toute information personnelle inexacte ou incompl\u00e8te que nous d\u00e9tenons \u00e0 votre sujet.  \n<div>\n<div>\n<div>\n<div data-test-id=\"sources-carousel-source\"> <\/div>\n<\/div>\n<\/div>\n<\/div>\n<\/li>\n<li data-sourcepos=\"39:1-40:0\"><strong>Suppression :<\/strong> Demander que nous supprimions vos informations personnelles, sous r\u00e9serve des exigences l\u00e9gales applicables.<\/li>\n<\/ul>\n<p data-sourcepos=\"41:1-41:109\">Pour exercer l&rsquo;un de ces droits, veuillez nous contacter en utilisant les coordonn\u00e9es indiqu\u00e9es ci-dessous.  <\/p>\n<div>\n<div>\n<div>\n<div data-test-id=\"sources-carousel-source\"> <\/div>\n<\/div>\n<\/div>\n<\/div>\n<p data-sourcepos=\"43:1-43:34\"><strong>Modifications de la pr\u00e9sente politique de confidentialit\u00e9<\/strong><\/p>\n<p data-sourcepos=\"45:1-45:232\">Nous pouvons mettre \u00e0 jour la pr\u00e9sente politique de confidentialit\u00e9 de temps \u00e0 autre. Toute modification sera publi\u00e9e sur cette page avec une date de \u00ab\u00a0derni\u00e8re mise \u00e0 jour\u00a0\u00bb. Nous vous encourageons \u00e0 consulter r\u00e9guli\u00e8rement la pr\u00e9sente politique de confidentialit\u00e9 pour prendre connaissance des \u00e9ventuelles modifications.    <\/p>\n<div>\n<div>\n<div>\n<div data-test-id=\"sources-carousel-source\"> <\/div>\n<div data-test-id=\"sources-carousel-source\"> <\/div>\n<\/div>\n<\/div>\n<\/div>\n<p data-sourcepos=\"47:1-47:14\"><strong>Contactez nous<\/strong><\/p>\n<p data-sourcepos=\"49:1-49:115\">Si vous avez des questions ou des pr\u00e9occupations concernant la pr\u00e9sente politique de confidentialit\u00e9 ou nos pratiques en mati\u00e8re de donn\u00e9es, veuillez nous contacter \u00e0 l&rsquo;adresse suivante : <a href=\"mailto:info@dkjventures.com?subject=DKJ%20inquiry\">info@dkjventures.com<\/a><\/p>\n<p data-sourcepos=\"56:1-56:136\">En utilisant notre site web et en soumettant des informations par le biais de nos formulaires de contact, vous acceptez les conditions de la pr\u00e9sente politique de confidentialit\u00e9.  <\/p>\n<\/div>\t\t\t\t\t\t\t\t<\/div>\n\t\t\t\t<\/div>\n\t\t\t\t\t<\/div>\n\t\t\t\t<\/div>\n\t\t\t\t<\/div>\n\t\t","protected":false},"excerpt":{"rendered":"<p>Politique de confidentialit\u00e9 DKJ Ventures (\u00a0\u00bb nous \u00ab\u00a0, \u00a0\u00bb notre \u00a0\u00bb ou \u00a0\u00bb nos \u00ab\u00a0) s&rsquo;engage \u00e0 prot\u00e9ger la vie priv\u00e9e des visiteurs de son site Web (le \u00a0\u00bb site Web \u00ab\u00a0). La pr\u00e9sente politique de confidentialit\u00e9 explique comment nous recueillons, utilisons et prot\u00e9geons les renseignements personnels que vous nous fournissez par l&rsquo;entremise de nos [&hellip;]<\/p>\n","protected":false},"author":1,"featured_media":0,"parent":0,"menu_order":0,"comment_status":"closed","ping_status":"open","template":"","meta":{"hide_page_title":"enabled","footnotes":""},"class_list":["post-3376","page","type-page","status-publish","hentry"],"_links":{"self":[{"href":"https:\/\/dkjventures.com\/fr\/wp-json\/wp\/v2\/pages\/3376","targetHints":{"allow":["GET"]}}],"collection":[{"href":"https:\/\/dkjventures.com\/fr\/wp-json\/wp\/v2\/pages"}],"about":[{"href":"https:\/\/dkjventures.com\/fr\/wp-json\/wp\/v2\/types\/page"}],"author":[{"embeddable":true,"href":"https:\/\/dkjventures.com\/fr\/wp-json\/wp\/v2\/users\/1"}],"replies":[{"embeddable":true,"href":"https:\/\/dkjventures.com\/fr\/wp-json\/wp\/v2\/comments?post=3376"}],"version-history":[{"count":4,"href":"https:\/\/dkjventures.com\/fr\/wp-json\/wp\/v2\/pages\/3376\/revisions"}],"predecessor-version":[{"id":3591,"href":"https:\/\/dkjventures.com\/fr\/wp-json\/wp\/v2\/pages\/3376\/revisions\/3591"}],"wp:attachment":[{"href":"https:\/\/dkjventures.com\/fr\/wp-json\/wp\/v2\/media?parent=3376"}],"curies":[{"name":"wp","href":"https:\/\/api.w.org\/{rel}","templated":true}]}}