{"id":3300,"date":"2025-02-03T05:13:04","date_gmt":"2025-02-03T05:13:04","guid":{"rendered":"https:\/\/dkjventures.com\/commercial\/"},"modified":"2025-12-16T20:57:09","modified_gmt":"2025-12-16T20:57:09","slug":"commercial","status":"publish","type":"page","link":"https:\/\/dkjventures.com\/fr\/commercial\/","title":{"rendered":"COMMERCIAL"},"content":{"rendered":"\t\t<div data-elementor-type=\"wp-page\" data-elementor-id=\"3300\" class=\"elementor elementor-3300 elementor-2298\" data-elementor-post-type=\"page\">\n\t\t\t\t<div class=\"elementor-element elementor-element-4301c238 e-con-full e-flex e-con e-parent\" data-id=\"4301c238\" data-element_type=\"container\" data-e-type=\"container\" data-settings=\"{&quot;background_background&quot;:&quot;classic&quot;}\">\n\t\t\t\t<\/div>\n\t\t<div class=\"elementor-element elementor-element-eeb7c7a e-con-full e-flex e-con e-parent\" data-id=\"eeb7c7a\" data-element_type=\"container\" data-e-type=\"container\" data-settings=\"{&quot;background_background&quot;:&quot;slideshow&quot;,&quot;background_slideshow_gallery&quot;:[{&quot;id&quot;:3208,&quot;url&quot;:&quot;https:\\\/\\\/k56.c6e.myftpupload.com\\\/wp-content\\\/uploads\\\/2025\\\/02\\\/female-customer-ordering-at-the-counter-in-a-coffe-2024-10-19-05-52-40-utc-scaled.jpg&quot;}],&quot;background_slideshow_loop&quot;:&quot;yes&quot;,&quot;background_slideshow_slide_duration&quot;:5000,&quot;background_slideshow_slide_transition&quot;:&quot;fade&quot;,&quot;background_slideshow_transition_duration&quot;:500}\">\n\t\t<div class=\"elementor-element elementor-element-477f35dd e-flex e-con-boxed e-con e-child\" data-id=\"477f35dd\" data-element_type=\"container\" data-e-type=\"container\">\n\t\t\t\t\t<div class=\"e-con-inner\">\n\t\t\t\t<div class=\"elementor-element elementor-element-4dc5e9b9 elementor-widget elementor-widget-heading\" data-id=\"4dc5e9b9\" data-element_type=\"widget\" data-e-type=\"widget\" data-widget_type=\"heading.default\">\n\t\t\t\t<div class=\"elementor-widget-container\">\n\t\t\t\t\t<h2 class=\"elementor-heading-title elementor-size-default\">Collection Commerciale DKJ <br><\/h2>\t\t\t\t<\/div>\n\t\t\t\t<\/div>\n\t\t\t\t\t<\/div>\n\t\t\t\t<\/div>\n\t\t\t\t<div class=\"elementor-element elementor-element-362011ab elementor-absolute elementor-widget elementor-widget-image\" data-id=\"362011ab\" data-element_type=\"widget\" data-e-type=\"widget\" data-settings=\"{&quot;_position&quot;:&quot;absolute&quot;}\" data-widget_type=\"image.default\">\n\t\t\t\t<div class=\"elementor-widget-container\">\n\t\t\t\t\t\t\t\t\t\t\t\t\t\t\t<img fetchpriority=\"high\" decoding=\"async\" width=\"660\" height=\"660\" src=\"https:\/\/dkjventures.com\/wp-content\/uploads\/2025\/01\/DKJ-ICON-1024x1024.png\" class=\"attachment-large size-large wp-image-3211\" alt=\"\" srcset=\"https:\/\/dkjventures.com\/wp-content\/uploads\/2025\/01\/DKJ-ICON-1024x1024.png 1024w, https:\/\/dkjventures.com\/wp-content\/uploads\/2025\/01\/DKJ-ICON-300x300.png 300w, https:\/\/dkjventures.com\/wp-content\/uploads\/2025\/01\/DKJ-ICON-150x150.png 150w, https:\/\/dkjventures.com\/wp-content\/uploads\/2025\/01\/DKJ-ICON-768x768.png 768w, https:\/\/dkjventures.com\/wp-content\/uploads\/2025\/01\/DKJ-ICON.png 1080w\" sizes=\"(max-width: 660px) 100vw, 660px\" \/>\t\t\t\t\t\t\t\t\t\t\t\t\t\t\t<\/div>\n\t\t\t\t<\/div>\n\t\t\t\t<\/div>\n\t\t<div class=\"elementor-element elementor-element-5e3fe9e7 e-flex e-con-boxed e-con e-parent\" data-id=\"5e3fe9e7\" data-element_type=\"container\" data-e-type=\"container\">\n\t\t\t\t\t<div class=\"e-con-inner\">\n\t\t\t\t<div class=\"elementor-element elementor-element-366e9487 elementor-widget elementor-widget-spacer\" data-id=\"366e9487\" data-element_type=\"widget\" data-e-type=\"widget\" data-widget_type=\"spacer.default\">\n\t\t\t\t<div class=\"elementor-widget-container\">\n\t\t\t\t\t\t\t<div class=\"elementor-spacer\">\n\t\t\t<div class=\"elementor-spacer-inner\"><\/div>\n\t\t<\/div>\n\t\t\t\t\t\t<\/div>\n\t\t\t\t<\/div>\n\t\t\t\t\t<\/div>\n\t\t\t\t<\/div>\n\t\t<div class=\"elementor-element elementor-element-78a8c57 e-con-full e-flex e-con e-parent\" data-id=\"78a8c57\" data-element_type=\"container\" data-e-type=\"container\">\n\t\t<div class=\"elementor-element elementor-element-19a0870 e-con-full e-flex e-con e-child\" data-id=\"19a0870\" data-element_type=\"container\" data-e-type=\"container\">\n\t\t\t\t<div class=\"elementor-element elementor-element-61faaf3 elementor-cta--valign-middle elementor-cta--skin-classic elementor-animated-content elementor-bg-transform elementor-bg-transform-zoom-in elementor-widget elementor-widget-call-to-action\" data-id=\"61faaf3\" data-element_type=\"widget\" data-e-type=\"widget\" data-widget_type=\"call-to-action.default\">\n\t\t\t\t<div class=\"elementor-widget-container\">\n\t\t\t\t\t\t\t<div class=\"elementor-cta\">\n\t\t\t\t\t<div class=\"elementor-cta__bg-wrapper\">\n\t\t\t\t<div class=\"elementor-cta__bg elementor-bg\" style=\"background-image: url(https:\/\/dkjventures.com\/wp-content\/uploads\/2025\/03\/2217-2251-Gascon_CIM-drone3-1024x955.jpg);\" role=\"img\" aria-label=\"2217-2251-Gascon_CIM-drone3.jpg\"><\/div>\n\t\t\t\t<div class=\"elementor-cta__bg-overlay\"><\/div>\n\t\t\t<\/div>\n\t\t\t\t\t\t\t<div class=\"elementor-cta__content\">\n\t\t\t\t\n\t\t\t\t\t\t\t\t\t<h3 class=\"elementor-cta__title elementor-cta__content-item elementor-content-item\">\n\t\t\t\t\t\t2217-2251 Gascon | Terrebonne\t\t\t\t\t<\/h3>\n\t\t\t\t\n\t\t\t\t\t\t\t\t\t<div class=\"elementor-cta__description elementor-cta__content-item elementor-content-item\">\n\t\t\t\t\t\t2217-2251 chemin Gascon | Terrebonne, Qu\u00e9bec J6X 4G9\t\t\t\t\t<\/div>\n\t\t\t\t\n\t\t\t\t\t\t\t\t\t<div class=\"elementor-cta__button-wrapper elementor-cta__content-item elementor-content-item \">\n\t\t\t\t\t<a class=\"elementor-cta__button elementor-button elementor-size-\" href=\"https:\/\/dkjventures.com\/fr\/commercial\/2217-2251_gascon\/\">\n\t\t\t\t\t\tEn savoir plus\t\t\t\t\t<\/a>\n\t\t\t\t\t<\/div>\n\t\t\t\t\t\t\t<\/div>\n\t\t\t\t\t\t<\/div>\n\t\t\t\t\t\t<\/div>\n\t\t\t\t<\/div>\n\t\t\t\t<div class=\"elementor-element elementor-element-08d41ae elementor-cta--valign-middle elementor-cta--skin-classic elementor-animated-content elementor-bg-transform elementor-bg-transform-zoom-in elementor-widget elementor-widget-call-to-action\" data-id=\"08d41ae\" data-element_type=\"widget\" data-e-type=\"widget\" data-widget_type=\"call-to-action.default\">\n\t\t\t\t<div class=\"elementor-widget-container\">\n\t\t\t\t\t\t\t<div class=\"elementor-cta\">\n\t\t\t\t\t<div class=\"elementor-cta__bg-wrapper\">\n\t\t\t\t<div class=\"elementor-cta__bg elementor-bg\" style=\"background-image: url(https:\/\/dkjventures.com\/wp-content\/uploads\/2025\/03\/FPO-Tremblay-1024x466.png);\" role=\"img\" aria-label=\"FPO-Tremblay.png\"><\/div>\n\t\t\t\t<div class=\"elementor-cta__bg-overlay\"><\/div>\n\t\t\t<\/div>\n\t\t\t\t\t\t\t<div class=\"elementor-cta__content\">\n\t\t\t\t\n\t\t\t\t\t\t\t\t\t<h3 class=\"elementor-cta__title elementor-cta__content-item elementor-content-item\">\n\t\t\t\t\t\tCarrefour du Tremblay | Longueil\t\t\t\t\t<\/h3>\n\t\t\t\t\n\t\t\t\t\t\t\t\t\t<div class=\"elementor-cta__description elementor-cta__content-item elementor-content-item\">\n\t\t\t\t\t\t2401 boul Roland-Therrien | Longueil, Qu\u00e9bec J4N 1C5\t\t\t\t\t<\/div>\n\t\t\t\t\n\t\t\t\t\t\t\t\t\t<div class=\"elementor-cta__button-wrapper elementor-cta__content-item elementor-content-item \">\n\t\t\t\t\t<a class=\"elementor-cta__button elementor-button elementor-size-\" href=\"https:\/\/dkjventures.com\/fr\/commercial\/carrefourdutremblay\/\">\n\t\t\t\t\t\tEn savoir plus\t\t\t\t\t<\/a>\n\t\t\t\t\t<\/div>\n\t\t\t\t\t\t\t<\/div>\n\t\t\t\t\t\t<\/div>\n\t\t\t\t\t\t<\/div>\n\t\t\t\t<\/div>\n\t\t\t\t<div class=\"elementor-element elementor-element-4d7c374 elementor-cta--valign-middle elementor-cta--skin-classic elementor-animated-content elementor-bg-transform elementor-bg-transform-zoom-in elementor-widget elementor-widget-call-to-action\" data-id=\"4d7c374\" data-element_type=\"widget\" data-e-type=\"widget\" data-widget_type=\"call-to-action.default\">\n\t\t\t\t<div class=\"elementor-widget-container\">\n\t\t\t\t\t\t\t<div class=\"elementor-cta\">\n\t\t\t\t\t<div class=\"elementor-cta__bg-wrapper\">\n\t\t\t\t<div class=\"elementor-cta__bg elementor-bg\" style=\"background-image: url(https:\/\/dkjventures.com\/wp-content\/uploads\/2025\/11\/Renaissance-McD-2.jpg);\" role=\"img\" aria-label=\"Renaissance - McD 2\"><\/div>\n\t\t\t\t<div class=\"elementor-cta__bg-overlay\"><\/div>\n\t\t\t<\/div>\n\t\t\t\t\t\t\t<div class=\"elementor-cta__content\">\n\t\t\t\t\n\t\t\t\t\t\t\t\t\t<h3 class=\"elementor-cta__title elementor-cta__content-item elementor-content-item\">\n\t\t\t\t\t\tCentre Renaissance | Laval\t\t\t\t\t<\/h3>\n\t\t\t\t\n\t\t\t\t\t\t\t\t\t<div class=\"elementor-cta__description elementor-cta__content-item elementor-content-item\">\n\t\t\t\t\t\t4520-4550 avenue de la Renaissance | Laval, Qu\u00e9bec H7L 0J3\t\t\t\t\t<\/div>\n\t\t\t\t\n\t\t\t\t\t\t\t\t\t<div class=\"elementor-cta__button-wrapper elementor-cta__content-item elementor-content-item \">\n\t\t\t\t\t<a class=\"elementor-cta__button elementor-button elementor-size-\" href=\"https:\/\/dkjventures.com\/fr\/commercial\/centre-renaissance\/\">\n\t\t\t\t\t\tEn savoir plus\t\t\t\t\t<\/a>\n\t\t\t\t\t<\/div>\n\t\t\t\t\t\t\t<\/div>\n\t\t\t\t\t\t<\/div>\n\t\t\t\t\t\t<\/div>\n\t\t\t\t<\/div>\n\t\t\t\t<\/div>\n\t\t\t\t<\/div>\n\t\t\t\t<\/div>\n\t\t","protected":false},"excerpt":{"rendered":"<p>Collection Commerciale DKJ 2217-2251 Gascon | Terrebonne 2217-2251 chemin Gascon | Terrebonne, Qu\u00e9bec J6X 4G9 En savoir plus Carrefour du Tremblay | Longueil 2401 boul Roland-Therrien | Longueil, Qu\u00e9bec J4N 1C5 En savoir plus Centre Renaissance | Laval 4520-4550 avenue de la Renaissance | Laval, Qu\u00e9bec H7L 0J3 En savoir plus<\/p>\n","protected":false},"author":2,"featured_media":0,"parent":0,"menu_order":0,"comment_status":"closed","ping_status":"closed","template":"elementor_header_footer","meta":{"hide_page_title":"","footnotes":""},"class_list":["post-3300","page","type-page","status-publish","hentry"],"_links":{"self":[{"href":"https:\/\/dkjventures.com\/fr\/wp-json\/wp\/v2\/pages\/3300","targetHints":{"allow":["GET"]}}],"collection":[{"href":"https:\/\/dkjventures.com\/fr\/wp-json\/wp\/v2\/pages"}],"about":[{"href":"https:\/\/dkjventures.com\/fr\/wp-json\/wp\/v2\/types\/page"}],"author":[{"embeddable":true,"href":"https:\/\/dkjventures.com\/fr\/wp-json\/wp\/v2\/users\/2"}],"replies":[{"embeddable":true,"href":"https:\/\/dkjventures.com\/fr\/wp-json\/wp\/v2\/comments?post=3300"}],"version-history":[{"count":19,"href":"https:\/\/dkjventures.com\/fr\/wp-json\/wp\/v2\/pages\/3300\/revisions"}],"predecessor-version":[{"id":4189,"href":"https:\/\/dkjventures.com\/fr\/wp-json\/wp\/v2\/pages\/3300\/revisions\/4189"}],"wp:attachment":[{"href":"https:\/\/dkjventures.com\/fr\/wp-json\/wp\/v2\/media?parent=3300"}],"curies":[{"name":"wp","href":"https:\/\/api.w.org\/{rel}","templated":true}]}}